{"id":57,"date":"2025-03-20T17:24:15","date_gmt":"2025-03-20T17:24:15","guid":{"rendered":"https:\/\/taralohk.ee\/?page_id=57"},"modified":"2025-03-20T18:05:26","modified_gmt":"2025-03-20T18:05:26","slug":"olivahetus","status":"publish","type":"page","link":"https:\/\/taralohk.ee\/?page_id=57","title":{"rendered":"\u00d5livahetus"},"content":{"rendered":"\n<div class=\"wp-block-media-text alignwide is-stacked-on-mobile\"><figure class=\"wp-block-media-text__media\"><img loading=\"lazy\" decoding=\"async\" width=\"1000\" height=\"662\" src=\"https:\/\/taralohk.ee\/wp-content\/uploads\/2025\/03\/oil-change.jpg\" alt=\"\" class=\"wp-image-32 size-full\" srcset=\"https:\/\/taralohk.ee\/wp-content\/uploads\/2025\/03\/oil-change.jpg 1000w, https:\/\/taralohk.ee\/wp-content\/uploads\/2025\/03\/oil-change-300x199.jpg 300w, https:\/\/taralohk.ee\/wp-content\/uploads\/2025\/03\/oil-change-768x508.jpg 768w\" sizes=\"auto, (max-width: 1000px) 100vw, 1000px\" \/><\/figure><div class=\"wp-block-media-text__content\">\n<p>Teeme teie autole korralise hoolduse vastavalt tehase etten\u00e4htud hooldusplaanile. <\/p>\n\n\n\n<p>Peale auto garantiiaja l\u00f5ppu ei ole teil kohustust k\u00e4ia oma s\u00f5idukiga margiesinduse hoolduses.<\/p>\n\n\n\n<p>K\u00f5ige elementaarsem hoolitsus oma auto eest on vahetada regulaarselt mootori\u00f5li. \u00d5igeaegselt vahetatud mootori\u00f5li s\u00e4\u00e4stab k\u00fctust, lihtsustab auto mootori k\u00fclmalt k\u00e4ivitamist ning hoiab \u00e4ra mootori \u00fclem\u00e4\u00e4ra kulumise.<\/p>\n<\/div><\/div>\n\n\n\n<p><\/p>\n","protected":false},"excerpt":{"rendered":"<p>Teeme teie autole korralise hoolduse vastavalt tehase etten\u00e4htud hooldusplaanile. Peale auto garantiiaja l\u00f5ppu ei ole teil kohustust k\u00e4ia oma s\u00f5idukiga margiesinduse hoolduses. K\u00f5ige elementaarsem hoolitsus oma auto eest on vahetada regulaarselt mootori\u00f5li. \u00d5igeaegselt vahetatud mootori\u00f5li s\u00e4\u00e4stab k\u00fctust, lihtsustab auto mootori k\u00fclmalt k\u00e4ivitamist ning hoiab \u00e4ra mootori \u00fclem\u00e4\u00e4ra kulumise.<\/p>\n","protected":false},"author":1,"featured_media":0,"parent":55,"menu_order":0,"comment_status":"closed","ping_status":"closed","template":"","meta":{"footnotes":""},"class_list":["post-57","page","type-page","status-publish","hentry"],"_links":{"self":[{"href":"https:\/\/taralohk.ee\/index.php?rest_route=\/wp\/v2\/pages\/57","targetHints":{"allow":["GET"]}}],"collection":[{"href":"https:\/\/taralohk.ee\/index.php?rest_route=\/wp\/v2\/pages"}],"about":[{"href":"https:\/\/taralohk.ee\/index.php?rest_route=\/wp\/v2\/types\/page"}],"author":[{"embeddable":true,"href":"https:\/\/taralohk.ee\/index.php?rest_route=\/wp\/v2\/users\/1"}],"replies":[{"embeddable":true,"href":"https:\/\/taralohk.ee\/index.php?rest_route=%2Fwp%2Fv2%2Fcomments&post=57"}],"version-history":[{"count":3,"href":"https:\/\/taralohk.ee\/index.php?rest_route=\/wp\/v2\/pages\/57\/revisions"}],"predecessor-version":[{"id":76,"href":"https:\/\/taralohk.ee\/index.php?rest_route=\/wp\/v2\/pages\/57\/revisions\/76"}],"up":[{"embeddable":true,"href":"https:\/\/taralohk.ee\/index.php?rest_route=\/wp\/v2\/pages\/55"}],"wp:attachment":[{"href":"https:\/\/taralohk.ee\/index.php?rest_route=%2Fwp%2Fv2%2Fmedia&parent=57"}],"curies":[{"name":"wp","href":"https:\/\/api.w.org\/{rel}","templated":true}]}}