{"id":60,"date":"2025-03-20T17:27:14","date_gmt":"2025-03-20T17:27:14","guid":{"rendered":"https:\/\/taralohk.ee\/?page_id=60"},"modified":"2025-03-20T18:07:56","modified_gmt":"2025-03-20T18:07:56","slug":"diagnostika","status":"publish","type":"page","link":"https:\/\/taralohk.ee\/?page_id=60","title":{"rendered":"Diagnostika"},"content":{"rendered":"\n<div class=\"wp-block-media-text alignwide is-stacked-on-mobile\"><figure class=\"wp-block-media-text__media\"><img loading=\"lazy\" decoding=\"async\" width=\"1024\" height=\"683\" src=\"https:\/\/taralohk.ee\/wp-content\/uploads\/2025\/03\/all-you-need-to-know-about-auto-diagnostics-1024x683.jpeg\" alt=\"\" class=\"wp-image-77 size-full\" srcset=\"https:\/\/taralohk.ee\/wp-content\/uploads\/2025\/03\/all-you-need-to-know-about-auto-diagnostics-1024x683.jpeg 1024w, https:\/\/taralohk.ee\/wp-content\/uploads\/2025\/03\/all-you-need-to-know-about-auto-diagnostics-300x200.jpeg 300w, https:\/\/taralohk.ee\/wp-content\/uploads\/2025\/03\/all-you-need-to-know-about-auto-diagnostics-768x512.jpeg 768w, https:\/\/taralohk.ee\/wp-content\/uploads\/2025\/03\/all-you-need-to-know-about-auto-diagnostics.jpeg 1200w\" sizes=\"auto, (max-width: 1024px) 100vw, 1024px\" \/><\/figure><div class=\"wp-block-media-text__content\">\n<p> Pakume v\u00f5imalust teostada oma s\u00f5idukile kvaliteetset diagnostikat.<\/p>\n\n\n\n<p>Vajadusel veakoodide kustutamine<\/p>\n\n\n\n<p>Veakoodide lugemine k\u00f5igist s\u00f5iduki s\u00f5lmedest<\/p>\n<\/div><\/div>\n","protected":false},"excerpt":{"rendered":"<p>Pakume v\u00f5imalust teostada oma s\u00f5idukile kvaliteetset diagnostikat. Vajadusel veakoodide kustutamine Veakoodide lugemine k\u00f5igist s\u00f5iduki s\u00f5lmedest<\/p>\n","protected":false},"author":1,"featured_media":0,"parent":55,"menu_order":0,"comment_status":"closed","ping_status":"closed","template":"","meta":{"footnotes":""},"class_list":["post-60","page","type-page","status-publish","hentry"],"_links":{"self":[{"href":"https:\/\/taralohk.ee\/index.php?rest_route=\/wp\/v2\/pages\/60","targetHints":{"allow":["GET"]}}],"collection":[{"href":"https:\/\/taralohk.ee\/index.php?rest_route=\/wp\/v2\/pages"}],"about":[{"href":"https:\/\/taralohk.ee\/index.php?rest_route=\/wp\/v2\/types\/page"}],"author":[{"embeddable":true,"href":"https:\/\/taralohk.ee\/index.php?rest_route=\/wp\/v2\/users\/1"}],"replies":[{"embeddable":true,"href":"https:\/\/taralohk.ee\/index.php?rest_route=%2Fwp%2Fv2%2Fcomments&post=60"}],"version-history":[{"count":2,"href":"https:\/\/taralohk.ee\/index.php?rest_route=\/wp\/v2\/pages\/60\/revisions"}],"predecessor-version":[{"id":79,"href":"https:\/\/taralohk.ee\/index.php?rest_route=\/wp\/v2\/pages\/60\/revisions\/79"}],"up":[{"embeddable":true,"href":"https:\/\/taralohk.ee\/index.php?rest_route=\/wp\/v2\/pages\/55"}],"wp:attachment":[{"href":"https:\/\/taralohk.ee\/index.php?rest_route=%2Fwp%2Fv2%2Fmedia&parent=60"}],"curies":[{"name":"wp","href":"https:\/\/api.w.org\/{rel}","templated":true}]}}