{"id":63,"date":"2025-03-20T17:29:22","date_gmt":"2025-03-20T17:29:22","guid":{"rendered":"https:\/\/taralohk.ee\/?page_id=63"},"modified":"2025-03-20T17:59:17","modified_gmt":"2025-03-20T17:59:17","slug":"kliima-taitmine-ja-kliimaseadmete-remont","status":"publish","type":"page","link":"https:\/\/taralohk.ee\/?page_id=63","title":{"rendered":"Kliima t\u00e4itmine ja kliimaseadmete remont"},"content":{"rendered":"\n<p><\/p>\n\n\n\n<div class=\"wp-block-media-text alignwide is-stacked-on-mobile\"><figure class=\"wp-block-media-text__media\"><img loading=\"lazy\" decoding=\"async\" width=\"1000\" height=\"667\" src=\"https:\/\/taralohk.ee\/wp-content\/uploads\/2025\/03\/auto-ac-repair.jpg\" alt=\"\" class=\"wp-image-30 size-full\" srcset=\"https:\/\/taralohk.ee\/wp-content\/uploads\/2025\/03\/auto-ac-repair.jpg 1000w, https:\/\/taralohk.ee\/wp-content\/uploads\/2025\/03\/auto-ac-repair-300x200.jpg 300w, https:\/\/taralohk.ee\/wp-content\/uploads\/2025\/03\/auto-ac-repair-768x512.jpg 768w\" sizes=\"auto, (max-width: 1000px) 100vw, 1000px\" \/><\/figure><div class=\"wp-block-media-text__content\">\n<p>Enamustel s\u00f5iduautodel l\u00e4heb kliimas\u00fcsteemi alla 1 kg k\u00fclmaainet. Suuremate autode t\u00e4itmiseks \u00fcle 1 kg.<\/p>\n\n\n\n<p>Kliimaseadme t\u00e4itmisel teeme j\u00e4rgmisi tegevusi:<\/p>\n\n\n\n<p>UV lambiga lekete kontroll ligip\u00e4\u00e4setavatest kohtadest<\/p>\n\n\n\n<p>Vana k\u00fclmaaine ja \u00f5li eemaldamine s\u00fcsteemist<\/p>\n\n\n\n<p>Vaakumiga niiskuse eemaldamine s\u00fcsteemist<\/p>\n\n\n\n<p>Uue \u00f5li, v\u00e4rvaine (lekete leidmiseks) ja k\u00fclmaaine lisamine<\/p>\n<\/div><\/div>\n","protected":false},"excerpt":{"rendered":"<p>Enamustel s\u00f5iduautodel l\u00e4heb kliimas\u00fcsteemi alla 1 kg k\u00fclmaainet. Suuremate autode t\u00e4itmiseks \u00fcle 1 kg. Kliimaseadme t\u00e4itmisel teeme j\u00e4rgmisi tegevusi: UV lambiga lekete kontroll ligip\u00e4\u00e4setavatest kohtadest Vana k\u00fclmaaine ja \u00f5li eemaldamine s\u00fcsteemist Vaakumiga niiskuse eemaldamine s\u00fcsteemist Uue \u00f5li, v\u00e4rvaine (lekete leidmiseks) ja k\u00fclmaaine lisamine<\/p>\n","protected":false},"author":1,"featured_media":0,"parent":55,"menu_order":0,"comment_status":"closed","ping_status":"closed","template":"","meta":{"footnotes":""},"class_list":["post-63","page","type-page","status-publish","hentry"],"_links":{"self":[{"href":"https:\/\/taralohk.ee\/index.php?rest_route=\/wp\/v2\/pages\/63","targetHints":{"allow":["GET"]}}],"collection":[{"href":"https:\/\/taralohk.ee\/index.php?rest_route=\/wp\/v2\/pages"}],"about":[{"href":"https:\/\/taralohk.ee\/index.php?rest_route=\/wp\/v2\/types\/page"}],"author":[{"embeddable":true,"href":"https:\/\/taralohk.ee\/index.php?rest_route=\/wp\/v2\/users\/1"}],"replies":[{"embeddable":true,"href":"https:\/\/taralohk.ee\/index.php?rest_route=%2Fwp%2Fv2%2Fcomments&post=63"}],"version-history":[{"count":3,"href":"https:\/\/taralohk.ee\/index.php?rest_route=\/wp\/v2\/pages\/63\/revisions"}],"predecessor-version":[{"id":73,"href":"https:\/\/taralohk.ee\/index.php?rest_route=\/wp\/v2\/pages\/63\/revisions\/73"}],"up":[{"embeddable":true,"href":"https:\/\/taralohk.ee\/index.php?rest_route=\/wp\/v2\/pages\/55"}],"wp:attachment":[{"href":"https:\/\/taralohk.ee\/index.php?rest_route=%2Fwp%2Fv2%2Fmedia&parent=63"}],"curies":[{"name":"wp","href":"https:\/\/api.w.org\/{rel}","templated":true}]}}