{"id":66,"date":"2025-03-20T17:40:47","date_gmt":"2025-03-20T17:40:47","guid":{"rendered":"https:\/\/taralohk.ee\/?page_id=66"},"modified":"2025-03-20T18:08:45","modified_gmt":"2025-03-20T18:08:45","slug":"veermiku-kontroll-ja-remont","status":"publish","type":"page","link":"https:\/\/taralohk.ee\/?page_id=66","title":{"rendered":"Veermiku kontroll ja remont"},"content":{"rendered":"\n<div class=\"wp-block-media-text alignwide is-stacked-on-mobile\"><figure class=\"wp-block-media-text__media\"><img loading=\"lazy\" decoding=\"async\" width=\"1000\" height=\"667\" src=\"https:\/\/taralohk.ee\/wp-content\/uploads\/2025\/03\/brake-repair.jpg\" alt=\"\" class=\"wp-image-31 size-full\" srcset=\"https:\/\/taralohk.ee\/wp-content\/uploads\/2025\/03\/brake-repair.jpg 1000w, https:\/\/taralohk.ee\/wp-content\/uploads\/2025\/03\/brake-repair-300x200.jpg 300w, https:\/\/taralohk.ee\/wp-content\/uploads\/2025\/03\/brake-repair-768x512.jpg 768w\" sizes=\"auto, (max-width: 1000px) 100vw, 1000px\" \/><\/figure><div class=\"wp-block-media-text__content\">\n<p>Pidurite kontroll ja remont, klotside ja ketaste vahetus<\/p>\n\n\n\n<p>Sildade kontroll, reguleerimine ja remont<\/p>\n\n\n\n<p>Amortisaatorite, vedrude kontroll ja vahetus<\/p>\n\n\n\n<p>Rattalaagrite vahetus<\/p>\n\n\n\n<p>Andurite, t\u00e4iturseadmete vahetus<\/p>\n\n\n\n<p>Veermiku kuluosade vahetus (puksid, \u00f5\u00f5tshoovad, kuulliigendid)<\/p>\n\n\n\n<p>Veermiku m\u00e4\u00e4rimine<\/p>\n\n\n\n<p>J\u00f5u\u00fclekannete \u00f5li vahetus (diferentsiaalid, manuaalk\u00e4igukastid)<\/p>\n\n\n\n<p>Veov\u00f5llide vahetus<\/p>\n<\/div><\/div>\n\n\n\n<p><\/p>\n","protected":false},"excerpt":{"rendered":"<p>Pidurite kontroll ja remont, klotside ja ketaste vahetus Sildade kontroll, reguleerimine ja remont Amortisaatorite, vedrude kontroll ja vahetus Rattalaagrite vahetus Andurite, t\u00e4iturseadmete vahetus Veermiku kuluosade vahetus (puksid, \u00f5\u00f5tshoovad, kuulliigendid) Veermiku m\u00e4\u00e4rimine J\u00f5u\u00fclekannete \u00f5li vahetus (diferentsiaalid, manuaalk\u00e4igukastid) Veov\u00f5llide vahetus<\/p>\n","protected":false},"author":1,"featured_media":0,"parent":55,"menu_order":0,"comment_status":"closed","ping_status":"closed","template":"","meta":{"footnotes":""},"class_list":["post-66","page","type-page","status-publish","hentry"],"_links":{"self":[{"href":"https:\/\/taralohk.ee\/index.php?rest_route=\/wp\/v2\/pages\/66","targetHints":{"allow":["GET"]}}],"collection":[{"href":"https:\/\/taralohk.ee\/index.php?rest_route=\/wp\/v2\/pages"}],"about":[{"href":"https:\/\/taralohk.ee\/index.php?rest_route=\/wp\/v2\/types\/page"}],"author":[{"embeddable":true,"href":"https:\/\/taralohk.ee\/index.php?rest_route=\/wp\/v2\/users\/1"}],"replies":[{"embeddable":true,"href":"https:\/\/taralohk.ee\/index.php?rest_route=%2Fwp%2Fv2%2Fcomments&post=66"}],"version-history":[{"count":2,"href":"https:\/\/taralohk.ee\/index.php?rest_route=\/wp\/v2\/pages\/66\/revisions"}],"predecessor-version":[{"id":80,"href":"https:\/\/taralohk.ee\/index.php?rest_route=\/wp\/v2\/pages\/66\/revisions\/80"}],"up":[{"embeddable":true,"href":"https:\/\/taralohk.ee\/index.php?rest_route=\/wp\/v2\/pages\/55"}],"wp:attachment":[{"href":"https:\/\/taralohk.ee\/index.php?rest_route=%2Fwp%2Fv2%2Fmedia&parent=66"}],"curies":[{"name":"wp","href":"https:\/\/api.w.org\/{rel}","templated":true}]}}